{"id":3558,"date":"2025-01-30T16:11:25","date_gmt":"2025-01-30T15:11:25","guid":{"rendered":"https:\/\/www.hoteldianaaosta.com\/?page_id=3558"},"modified":"2025-01-31T09:37:41","modified_gmt":"2025-01-31T08:37:41","slug":"valle-daosta","status":"publish","type":"page","link":"https:\/\/www.hoteldianaaosta.com\/fr\/valle-daosta\/","title":{"rendered":"Vall\u00e9e d\u2019Aoste"},"content":{"rendered":"<div class=\"wpb-content-wrapper\">[vc_row full_width=&#8221;stretch_row_content_no_spaces&#8221; css_animation=&#8221;right-to-left&#8221; css=&#8221;.vc_custom_1737023384397{background-color: #FFFFFF !important;}&#8221;][vc_column][vc_row_inner css=&#8221;.vc_custom_1737023448354{background-color: #FFFFFF !important;}&#8221;][vc_column_inner]\n\t\t\t<section class=\"image-square right\">\n\t\t\t    <div class=\"col-md-6 image\">\n\t\t\t        <div class=\"background-image-holder\">\n\t\t\t            <img decoding=\"async\" src=\"https:\/\/www.hoteldianaaosta.com\/wp-content\/uploads\/2020\/05\/aosta-cosadavedere-1.jpg\" class=\"background-image\" alt=\"\" \/>\n\t\t\t        <\/div>\n\t\t\t    <\/div>\n\t\t\t    <div class=\"col-md-6 content\">\n\t\t\t        <h3 class=\"calluna-heading calluna-heading- text-align-left \" style=\"color: undefined;margin-bottom: 30px;margin-top: 30px;\"><span>Visiter Aoste<\/span><\/h3>\n<p>Quelques mots suffisent pour r\u00e9sumer la richesse de cette charmante ville. Partout o\u00f9 se pose le regard, les vestiges du pass\u00e9 rappellent la splendeur ancienne d\u2019Augusta Praetoria, la ville fond\u00e9e par les Romains. Aujourd\u2019hui encore, on peut admirer son grandiose Arc d\u00e9di\u00e9 \u00e0 l\u2019Empereur Auguste, la monumentale Porte Pr\u00e9torienne, le Th\u00e9\u00e2tre, le cryptoportique, et bien d\u2019autres tr\u00e9sors historiques.<\/p>\n<p><a class=\"btn-primary \" href=\"\/fr\/visite-aoste\/\">D\u00e9couvrir Aoste<\/a>\n\t\t\t    <\/div>\n\t\t\t<\/section>\n\t\t[vc_column_text][\/vc_column_text][\/vc_column_inner][\/vc_row_inner][\/vc_column][\/vc_row][vc_row full_width=&#8221;stretch_row_content_no_spaces&#8221; css_animation=&#8221;left-to-right&#8221; css=&#8221;.vc_custom_1529481835107{background-color: #f2f3f4 !important;}&#8221;][vc_column][vc_row_inner css=&#8221;.vc_custom_1449248636708{background-color: #f2f3f4 !important;}&#8221;][vc_column_inner]\n\t\t\t<section class=\"image-square left\">\n\t\t\t    <div class=\"col-md-6 image\">\n\t\t\t        <div class=\"background-image-holder\">\n\t\t\t            <img loading=\"lazy\" decoding=\"async\" width=\"1600\" height=\"680\" src=\"https:\/\/www.hoteldianaaosta.com\/wp-content\/uploads\/2018\/06\/aosta-trekking.jpg\" class=\"background-image\" alt=\"aosta trekking\" srcset=\"https:\/\/www.hoteldianaaosta.com\/wp-content\/uploads\/2018\/06\/aosta-trekking.jpg 1600w, https:\/\/www.hoteldianaaosta.com\/wp-content\/uploads\/2018\/06\/aosta-trekking-300x128.jpg 300w, https:\/\/www.hoteldianaaosta.com\/wp-content\/uploads\/2018\/06\/aosta-trekking-768x326.jpg 768w, https:\/\/www.hoteldianaaosta.com\/wp-content\/uploads\/2018\/06\/aosta-trekking-1024x435.jpg 1024w\" sizes=\"auto, (max-width: 1600px) 100vw, 1600px\" \/>\n\t\t\t        <\/div>\n\t\t\t    <\/div>\n\t\t\t    <div class=\"col-md-6 col-md-offset-1 content\">\n\t\t\t        <h3 class=\"calluna-heading calluna-heading- text-align-left \" style=\"color: undefined;margin-bottom: 30px;margin-top: 30px;\"><span>Randonn\u00e9e en Vall\u00e9e d&#039;Aoste<\/span><\/h3>\n<p>En Vall\u00e9e d\u2019Aoste, chaque saison offre des journ\u00e9es id\u00e9ales pour une agr\u00e9able promenade. Au printemps, la nature s\u2019\u00e9veille dans un contraste saisissant avec les paysages encore enneig\u00e9s. L\u2019\u00e9t\u00e9 est la p\u00e9riode id\u00e9ale pour les randonn\u00e9es en haute altitude, gr\u00e2ce aux longues journ\u00e9es et \u00e0 une m\u00e9t\u00e9o g\u00e9n\u00e9ralement stable. En automne, les paysages se parent de couleurs \u00e9clatantes et vari\u00e9es, offrant un spectacle naturel unique.<\/p>\n<p>&nbsp;<\/p>\n<p><a class=\"btn-primary \" href=\"\/fr\/trekking-valleedaoste\/\">En savoir plus<\/a>\n\t\t\t    <\/div>\n\t\t\t<\/section>\n\t\t[\/vc_column_inner][\/vc_row_inner][\/vc_column][\/vc_row][vc_row full_width=&#8221;stretch_row_content_no_spaces&#8221; css_animation=&#8221;right-to-left&#8221; css=&#8221;.vc_custom_1737023384397{background-color: #FFFFFF !important;}&#8221;][vc_column][vc_row_inner css=&#8221;.vc_custom_1737023448354{background-color: #FFFFFF !important;}&#8221;][vc_column_inner]\n\t\t\t<section class=\"image-square right\">\n\t\t\t    <div class=\"col-md-6 image\">\n\t\t\t        <div class=\"background-image-holder\">\n\t\t\t            <img loading=\"lazy\" decoding=\"async\" width=\"1600\" height=\"680\" src=\"https:\/\/www.hoteldianaaosta.com\/wp-content\/uploads\/2018\/06\/aosta-sci.jpg\" class=\"background-image\" alt=\"aosta sci\" srcset=\"https:\/\/www.hoteldianaaosta.com\/wp-content\/uploads\/2018\/06\/aosta-sci.jpg 1600w, https:\/\/www.hoteldianaaosta.com\/wp-content\/uploads\/2018\/06\/aosta-sci-300x128.jpg 300w, https:\/\/www.hoteldianaaosta.com\/wp-content\/uploads\/2018\/06\/aosta-sci-768x326.jpg 768w, https:\/\/www.hoteldianaaosta.com\/wp-content\/uploads\/2018\/06\/aosta-sci-1024x435.jpg 1024w\" sizes=\"auto, (max-width: 1600px) 100vw, 1600px\" \/>\n\t\t\t        <\/div>\n\t\t\t    <\/div>\n\t\t\t    <div class=\"col-md-6 content\">\n\t\t\t        <h3 class=\"calluna-heading calluna-heading- text-align-left \" style=\"color: undefined;margin-bottom: 30px;margin-top: 30px;\"><span>Skier \u00e0 Aoste<\/span><\/h3>\n<p>Pila domine la ville d\u2019Aoste et est reli\u00e9e \u00e0 celle-ci par une route panoramique de 18 km, accessible toute l\u2019ann\u00e9e, ainsi que par une toute nouvelle t\u00e9l\u00e9cabine 8 places qui permet d\u2019atteindre les pistes en seulement 17 minutes. Douze remont\u00e9es desservent 70 km de pistes (dont 62 % sont couvertes par l\u2019enneigement artificiel), s\u2019\u00e9tendant \u00e0 partir de 1 540 m\u00e8tres d\u2019altitude.<\/p>\n<p>&nbsp;<\/p>\n<p><a class=\"btn-primary \" href=\"\/fr\/skier-aoste\/\">En savoir plus<\/a>\n\t\t\t    <\/div>\n\t\t\t<\/section>\n\t\t[vc_column_text][\/vc_column_text][\/vc_column_inner][\/vc_row_inner][\/vc_column][\/vc_row][vc_row full_width=&#8221;stretch_row_content_no_spaces&#8221; css_animation=&#8221;left-to-right&#8221; css=&#8221;.vc_custom_1529481835107{background-color: #f2f3f4 !important;}&#8221;][vc_column][vc_row_inner css=&#8221;.vc_custom_1449248636708{background-color: #f2f3f4 !important;}&#8221;][vc_column_inner]\n\t\t\t<section class=\"image-square left\">\n\t\t\t    <div class=\"col-md-6 image\">\n\t\t\t        <div class=\"background-image-holder\">\n\t\t\t            <img loading=\"lazy\" decoding=\"async\" width=\"1600\" height=\"680\" src=\"https:\/\/www.hoteldianaaosta.com\/wp-content\/uploads\/2015\/09\/aosta-mountainbike.jpg\" class=\"background-image\" alt=\"mountain bike Aosta\" srcset=\"https:\/\/www.hoteldianaaosta.com\/wp-content\/uploads\/2015\/09\/aosta-mountainbike.jpg 1600w, https:\/\/www.hoteldianaaosta.com\/wp-content\/uploads\/2015\/09\/aosta-mountainbike-300x128.jpg 300w, https:\/\/www.hoteldianaaosta.com\/wp-content\/uploads\/2015\/09\/aosta-mountainbike-768x326.jpg 768w, https:\/\/www.hoteldianaaosta.com\/wp-content\/uploads\/2015\/09\/aosta-mountainbike-1024x435.jpg 1024w\" sizes=\"auto, (max-width: 1600px) 100vw, 1600px\" \/>\n\t\t\t        <\/div>\n\t\t\t    <\/div>\n\t\t\t    <div class=\"col-md-6 col-md-offset-1 content\">\n\t\t\t        <h3 class=\"calluna-heading calluna-heading- text-align-left \" style=\"color: undefined;margin-bottom: 30px;margin-top: 30px;\"><span>V\u00e9lo tout-terrain (VTT)<\/span><\/h3>\n<p>En Vall\u00e9e d\u2019Aoste, les sentiers dans les for\u00eats, les chemins muletiers et routes agricoles forment un r\u00e9seau de plus de 1 000 kilom\u00e8tres d\u2019itin\u00e9raires non goudronn\u00e9s, dont beaucoup sont adapt\u00e9s \u00e0 la pratique du VTT. Pour parcourir en toute s\u00e9curit\u00e9 m\u00eame les itin\u00e9raires les plus exigeants, faites-vous accompagner par des moniteurs de VTT certifi\u00e9s.<\/p>\n<p>&nbsp;<\/p>\n<p><a class=\"btn-primary \" href=\"\/fr\/mountainbike-downhill-valleedaoste\/\">En savoir plus<\/a>\n\t\t\t    <\/div>\n\t\t\t<\/section>\n\t\t[\/vc_column_inner][\/vc_row_inner][\/vc_column][\/vc_row]\n<\/div>","protected":false},"excerpt":{"rendered":"<p>[vc_row full_width=&#8221;stretch_row_content_no_spaces&#8221; css_animation=&#8221;right-to-left&#8221; css=&#8221;.vc_custom_1737023384397{background-color: #FFFFFF !important;}&#8221;][vc_column][vc_row_inner css=&#8221;.vc_custom_1737023448354{background-color: #FFFFFF !important;}&#8221;][vc_column_inner][vc_column_text][\/vc_column_text][\/vc_column_inner][\/vc_row_inner][\/vc_column][\/vc_row][vc_row full_width=&#8221;stretch_row_content_no_spaces&#8221; css_animation=&#8221;left-to-right&#8221; css=&#8221;.vc_custom_1529481835107{background-color: #f2f3f4 !important;}&#8221;][vc_column][vc_row_inner css=&#8221;.vc_custom_1449248636708{background-color: #f2f3f4 !important;}&#8221;][vc_column_inner][\/vc_column_inner][\/vc_row_inner][\/vc_column][\/vc_row][vc_row full_width=&#8221;stretch_row_content_no_spaces&#8221; css_animation=&#8221;right-to-left&#8221; css=&#8221;.vc_custom_1737023384397{background-color: #FFFFFF !important;}&#8221;][vc_column][vc_row_inner css=&#8221;.vc_custom_1737023448354{background-color: #FFFFFF !important;}&#8221;][vc_column_inner][vc_column_text][\/vc_column_text][\/vc_column_inner][\/vc_row_inner][\/vc_column][\/vc_row][vc_row full_width=&#8221;stretch_row_content_no_spaces&#8221; css_animation=&#8221;left-to-right&#8221; css=&#8221;.vc_custom_1529481835107{background-color: #f2f3f4 !important;}&#8221;][vc_column][vc_row_inner css=&#8221;.vc_custom_1449248636708{background-color: #f2f3f4 !important;}&#8221;][vc_column_inner][\/vc_column_inner][\/vc_row_inner][\/vc_column][\/vc_row]<\/p>\n","protected":false},"author":1,"featured_media":0,"parent":0,"menu_order":0,"comment_status":"closed","ping_status":"closed","template":"","meta":{"footnotes":""},"class_list":["post-3558","page","type-page","status-publish","hentry"],"_links":{"self":[{"href":"https:\/\/www.hoteldianaaosta.com\/fr\/wp-json\/wp\/v2\/pages\/3558","targetHints":{"allow":["GET"]}}],"collection":[{"href":"https:\/\/www.hoteldianaaosta.com\/fr\/wp-json\/wp\/v2\/pages"}],"about":[{"href":"https:\/\/www.hoteldianaaosta.com\/fr\/wp-json\/wp\/v2\/types\/page"}],"author":[{"embeddable":true,"href":"https:\/\/www.hoteldianaaosta.com\/fr\/wp-json\/wp\/v2\/users\/1"}],"replies":[{"embeddable":true,"href":"https:\/\/www.hoteldianaaosta.com\/fr\/wp-json\/wp\/v2\/comments?post=3558"}],"version-history":[{"count":4,"href":"https:\/\/www.hoteldianaaosta.com\/fr\/wp-json\/wp\/v2\/pages\/3558\/revisions"}],"predecessor-version":[{"id":3583,"href":"https:\/\/www.hoteldianaaosta.com\/fr\/wp-json\/wp\/v2\/pages\/3558\/revisions\/3583"}],"wp:attachment":[{"href":"https:\/\/www.hoteldianaaosta.com\/fr\/wp-json\/wp\/v2\/media?parent=3558"}],"curies":[{"name":"wp","href":"https:\/\/api.w.org\/{rel}","templated":true}]}}