	{"id":2485,"date":"2018-07-31T15:28:12","date_gmt":"2018-07-31T13:28:12","guid":{"rendered":"http:\/\/diana.turismok.com\/?page_id=2485"},"modified":"2025-02-20T12:01:24","modified_gmt":"2025-02-20T11:01:24","slug":"camera-tripla","status":"publish","type":"page","link":"https:\/\/www.hoteldianaaosta.com\/fr\/camere\/camera-tripla\/","title":{"rendered":"Chambre triple"},"content":{"rendered":"<div class=\"wpb-content-wrapper\">[vc_row css=&#8221;.vc_custom_1740048407265{padding-top: 77px !important;padding-bottom: 5% !important;}&#8221;][vc_column]<h2 class=\"calluna-heading calluna-heading-single-line text-align-center \" ><span>description<\/span><\/h2>[vc_row_inner][vc_column_inner width=&#8221;1\/4&#8243;][\/vc_column_inner][vc_column_inner width=&#8221;1\/2&#8243;][vc_column_text]\n<p style=\"text-align: center;\">Nos chambres triples peuvent \u00eatre pr\u00e9par\u00e9es avec trois lits s\u00e9par\u00e9s ou avec un lit double et un troisi\u00e8me lit selon vos exigences.<\/p>\n[\/vc_column_text][\/vc_column_inner][vc_column_inner width=&#8221;1\/4&#8243;][\/vc_column_inner][\/vc_row_inner][\/vc_column][\/vc_row][vc_row full_width=&#8221;stretch_row_content&#8221; css=&#8221;.vc_custom_1528365422047{background-color: #f2f3f4 !important;}&#8221;][vc_column width=&#8221;2\/3&#8243;]    <div class=\"image-gallery\">\n            <div id=\"69d0f16f49ba6-carousel\" class=\"carousel slide\" data-ride=\"carousel\">\n            \t                                \t<div class=\"carousel-inner\">\n\t\t\t\t\t\t\t\t\t\t\t\t\t\t\t                                <div class=\"item active\">\n\t\t\t\t\t\t\t\t\t\t\t\t\t\t\t\t\t\t\t<!-- Image -->\n\t\t\t\t\t\t\t\t\t\t<img loading=\"lazy\" decoding=\"async\" width=\"1008\" height=\"676\" src=\"https:\/\/www.hoteldianaaosta.com\/wp-content\/uploads\/2018\/06\/aosta-hotel-camera-tripla.jpg\" class=\"attachment-full size-full\" alt=\"\" srcset=\"https:\/\/www.hoteldianaaosta.com\/wp-content\/uploads\/2018\/06\/aosta-hotel-camera-tripla.jpg 1008w, https:\/\/www.hoteldianaaosta.com\/wp-content\/uploads\/2018\/06\/aosta-hotel-camera-tripla-300x201.jpg 300w, https:\/\/www.hoteldianaaosta.com\/wp-content\/uploads\/2018\/06\/aosta-hotel-camera-tripla-768x515.jpg 768w\" sizes=\"auto, (max-width: 1008px) 100vw, 1008px\" \/>\t\t\t\t\t\t\t\t\t\t\t\t\t\t\t\t\t\t\t\t\t\t\t\t\t\t\t                                <\/div>\n                                \n\t\t\t\t\t\t\t\t\t\t\t\t\t\t\t                                <div class=\"item \">\n\t\t\t\t\t\t\t\t\t\t\t\t\t\t\t\t\t\t\t<!-- Image -->\n\t\t\t\t\t\t\t\t\t\t<img loading=\"lazy\" decoding=\"async\" width=\"1008\" height=\"676\" src=\"https:\/\/www.hoteldianaaosta.com\/wp-content\/uploads\/2018\/06\/aosta-hotel-camera-tripla1.jpg\" class=\"attachment-full size-full\" alt=\"\" srcset=\"https:\/\/www.hoteldianaaosta.com\/wp-content\/uploads\/2018\/06\/aosta-hotel-camera-tripla1.jpg 1008w, https:\/\/www.hoteldianaaosta.com\/wp-content\/uploads\/2018\/06\/aosta-hotel-camera-tripla1-300x201.jpg 300w, https:\/\/www.hoteldianaaosta.com\/wp-content\/uploads\/2018\/06\/aosta-hotel-camera-tripla1-768x515.jpg 768w\" sizes=\"auto, (max-width: 1008px) 100vw, 1008px\" \/>\t\t\t\t\t\t\t\t\t\t\t\t\t\t\t\t\t\t\t\t\t\t\t\t\t\t\t                                <\/div>\n                                \n\t\t\t\t\t\t\t\t\t\t\t\t\t\t\t                                <div class=\"item \">\n\t\t\t\t\t\t\t\t\t\t\t\t\t\t\t\t\t\t\t<!-- Image -->\n\t\t\t\t\t\t\t\t\t\t<img loading=\"lazy\" decoding=\"async\" width=\"1008\" height=\"676\" src=\"https:\/\/www.hoteldianaaosta.com\/wp-content\/uploads\/2018\/06\/aosta-hotel-camera-tripla2.jpg\" class=\"attachment-full size-full\" alt=\"\" srcset=\"https:\/\/www.hoteldianaaosta.com\/wp-content\/uploads\/2018\/06\/aosta-hotel-camera-tripla2.jpg 1008w, https:\/\/www.hoteldianaaosta.com\/wp-content\/uploads\/2018\/06\/aosta-hotel-camera-tripla2-300x201.jpg 300w, https:\/\/www.hoteldianaaosta.com\/wp-content\/uploads\/2018\/06\/aosta-hotel-camera-tripla2-768x515.jpg 768w\" sizes=\"auto, (max-width: 1008px) 100vw, 1008px\" \/>\t\t\t\t\t\t\t\t\t\t\t\t\t\t\t\t\t\t\t\t\t\t\t\t\t\t\t                                <\/div>\n                                \n\t\t\t\t\t\t\t\t\t\t\t\t\t\t\t                                <div class=\"item \">\n\t\t\t\t\t\t\t\t\t\t\t\t\t\t\t\t\t\t\t<!-- Image -->\n\t\t\t\t\t\t\t\t\t\t<img loading=\"lazy\" decoding=\"async\" width=\"1008\" height=\"676\" src=\"https:\/\/www.hoteldianaaosta.com\/wp-content\/uploads\/2018\/06\/aosta-hotel-camera-tripla3.jpg\" class=\"attachment-full size-full\" alt=\"\" srcset=\"https:\/\/www.hoteldianaaosta.com\/wp-content\/uploads\/2018\/06\/aosta-hotel-camera-tripla3.jpg 1008w, https:\/\/www.hoteldianaaosta.com\/wp-content\/uploads\/2018\/06\/aosta-hotel-camera-tripla3-300x201.jpg 300w, https:\/\/www.hoteldianaaosta.com\/wp-content\/uploads\/2018\/06\/aosta-hotel-camera-tripla3-768x515.jpg 768w\" sizes=\"auto, (max-width: 1008px) 100vw, 1008px\" \/>\t\t\t\t\t\t\t\t\t\t\t\t\t\t\t\t\t\t\t\t\t\t\t\t\t\t\t                                <\/div>\n                                \n\t\t\t\t\t\t\t\t\t\t\t\t\t\t                     <\/div>\n                     <div class=\"gallery_button_wrapper\">\n                    <a class=\"left carousel-control\" href=\"#69d0f16f49ba6-carousel\" data-slide=\"prev\">\n                    <span class=\"icon-left\"><\/span>\n                <\/a>\n                <\/div>\n                <div class=\"gallery_button_wrapper\">\n                    <a class=\"right carousel-control\" href=\"#69d0f16f49ba6-carousel\" data-slide=\"next\">\n                    <span class=\"icon-right\"><\/span>\n                <\/a>\n                <\/div>\n\t\t\t\t\t                \n           <\/div>\n  \t\t  <\/div>\n\t\n\t[\/vc_column][vc_column width=&#8221;1\/3&#8243;][vc_empty_space height=&#8221;52px&#8221;]<h2 class=\"calluna-heading calluna-heading-single-line text-align-center \" ><span>Services<\/span><\/h2>[vc_column_text css=&#8221;&#8221;]\n<p style=\"text-align: center;\"><em>S\u00e8che-cheveux<\/em><\/p>\n<p style=\"text-align: center;\"><em>Chauffage ind\u00e9pendant<\/em><\/p>\n<p style=\"text-align: center;\"><em>Climatisation automatique<\/em><\/p>\n<p style=\"text-align: center;\"><em>Smart TV<\/em><\/p>\n<p style=\"text-align: center;\"><em>Connexion internet Wi-Fi gratuite<\/em><\/p>\n<p style=\"text-align: center;\"><em>Mini-bar<\/em><\/p>\n<p style=\"text-align: center;\"><em>Lit suppl\u00e9mentaire sur demande<\/em><\/p>\n[\/vc_column_text][\/vc_column][\/vc_row][vc_row full_width=&#8221;stretch_row&#8221; css=&#8221;.vc_custom_1740044208952{padding-top: 88px !important;background-color: #f2f3f4 !important;}&#8221;][vc_column]<h2 class=\"calluna-heading calluna-heading-single-line text-align-center \" ><span>R\u00c9SERVEZ SUR NOTRE SITE<\/span><\/h2>[vc_column_text css=&#8221;&#8221;]\n<p style=\"text-align: center;\">En r\u00e9servant directement sur notre site Internet, vous b\u00e9n\u00e9ficierez de nombreux avantages exclusifs :<\/p>\n<ul>\n<li style=\"list-style-type: none;\"><\/li>\n<\/ul>\n[\/vc_column_text][\/vc_column][\/vc_row][vc_row full_width=&#8221;stretch_row&#8221; css=&#8221;.vc_custom_1740044428855{padding-top: 55px !important;background-color: #f2f3f4 !important;}&#8221;][vc_column width=&#8221;1\/3&#8243;]\n        <div class=\"calluna-icon-box clr calluna-icon-box-two align-center\">\n                            <img decoding=\"async\" class=\"calluna-icon-box-two-img-alt\" src=\"https:\/\/www.hoteldianaaosta.com\/wp-content\/uploads\/2025\/02\/9113033_hands_helping_solid_icon.png\" alt=\"R\u00e9servation directe, sans commission\" style=\"width:90px;\" \/>\n                            <h5 class=\"calluna-icon-box-two-heading \" style=color:#343538;>\n                    R\u00e9servation directe, sans commission                <\/h5>\n                    <\/div>\n        \n        [\/vc_column][vc_column width=&#8221;1\/3&#8243;]\n        <div class=\"calluna-icon-box clr calluna-icon-box-two align-center\">\n                            <img decoding=\"async\" class=\"calluna-icon-box-two-img-alt\" src=\"https:\/\/www.hoteldianaaosta.com\/wp-content\/uploads\/2025\/02\/hotel-aosta.webp\" alt=\"Meilleur tarif garanti, avec offres et avantages exclusifs\" style=\"width:90px;\" \/>\n                            <h5 class=\"calluna-icon-box-two-heading \" style=color:#343538;>\n                    Meilleur tarif garanti, avec offres et avantages exclusifs                <\/h5>\n                    <\/div>\n        \n        [\/vc_column][vc_column width=&#8221;1\/3&#8243;]\n        <div class=\"calluna-icon-box clr calluna-icon-box-two align-center\">\n                            <img decoding=\"async\" class=\"calluna-icon-box-two-img-alt\" src=\"https:\/\/www.hoteldianaaosta.com\/wp-content\/uploads\/2025\/02\/10469887_document_policy_safety_confidential_insurance_icon.png\" alt=\"Annulation gratuite selon les conditions pr\u00e9vues\" style=\"width:90px;\" \/>\n                            <h4 class=\"calluna-icon-box-two-heading \" style=color:#343538;>\n                    Annulation gratuite selon les conditions pr\u00e9vues                <\/h4>\n                    <\/div>\n        \n        [\/vc_column][\/vc_row][vc_row full_width=&#8221;stretch_row&#8221; css=&#8221;.vc_custom_1740044397735{padding-top: 11px !important;padding-bottom: 77px !important;background-color: #f2f3f4 !important;}&#8221;][vc_column width=&#8221;1\/3&#8243;][\/vc_column][vc_column width=&#8221;1\/3&#8243;][vc_btn title=&#8221;R\u00e9servez maintenant&#8221; style=&#8221;outline-custom&#8221; outline_custom_color=&#8221;#343538&#8243; outline_custom_hover_background=&#8221;#0D4F41&#8243; size=&#8221;lg&#8221; align=&#8221;center&#8221; css_animation=&#8221;bounceIn&#8221; css=&#8221;.vc_custom_1740048192391{padding-top: 35px !important;padding-bottom: px !important;}&#8221; link=&#8221;url:https%3A%2F%2Fbooking.passepartout.cloud%2Fbooking%3FoidPortale%3D6614%26lingua%3Dfr&#8221;][\/vc_column][vc_column width=&#8221;1\/3&#8243;][\/vc_column][\/vc_row][vc_row full_width=&#8221;stretch_row&#8221; css=&#8221;.vc_custom_1718027143578{padding-top: 2% !important;}&#8221;][vc_column]\n\t\t\t<!-- START Spa Hotel Diana Aosta  Fra REVOLUTION SLIDER 6.7.41 --><p class=\"rs-p-wp-fix\"><\/p>\n\t\t\t<rs-module-wrap id=\"rev_slider_6_1_wrapper\" data-source=\"gallery\" style=\"visibility:hidden;background:#111111;padding:0;margin:0px auto;margin-top:0;margin-bottom:0;\">\n\t\t\t\t<rs-module id=\"rev_slider_6_1\" style=\"\" data-version=\"6.7.41\">\n\t\t\t\t\t<rs-slides style=\"overflow: hidden; position: absolute;\">\n\t\t\t\t\t\t<rs-slide style=\"position: absolute;\" data-key=\"rs-27\" data-title=\"Camera singola\" data-thumb=\"\/\/www.hoteldianaaosta.com\/wp-content\/uploads\/2018\/06\/aosta-hoteldiana-100x50.jpg\" data-link=\"\/fr\/camere\/singola\/\" data-tag=\"l\" data-target=\"_self\" data-seoz=\"front\" data-in=\"y:(100%);\">\n\t\t\t\t\t\t\t<img decoding=\"async\" src=\"\/\/www.hoteldianaaosta.com\/wp-content\/plugins\/revslider\/sr6\/assets\/assets\/dummy.png\" alt=\"\" title=\"aosta-hotel-camera-tripla3\" width=\"1008\" height=\"676\" class=\"rev-slidebg tp-rs-img rs-lazyload\" data-lazyload=\"\/\/www.hoteldianaaosta.com\/wp-content\/uploads\/2018\/06\/aosta-hoteldiana.jpg\" data-parallax=\"8\" data-no-retina>\n<!--\n\t\t\t\t\t\t\t--><rs-layer\n\t\t\t\t\t\t\t\tid=\"slider-6-slide-27-layer-1\" \n\t\t\t\t\t\t\t\tclass=\"FullScreenMenu-Title\"\n\t\t\t\t\t\t\t\tdata-type=\"text\"\n\t\t\t\t\t\t\t\tdata-color=\"rgba(255, 255, 255, 1)\"\n\t\t\t\t\t\t\t\tdata-rsp_ch=\"on\"\n\t\t\t\t\t\t\t\tdata-xy=\"x:96px;y:b;yo:245px;\"\n\t\t\t\t\t\t\t\tdata-text=\"s:35;l:70;\"\n\t\t\t\t\t\t\t\tdata-dim=\"w:285px;h:108px;\"\n\t\t\t\t\t\t\t\tdata-basealign=\"slide\"\n\t\t\t\t\t\t\t\tdata-padding=\"t:21;r:30;b:16;l:30;\"\n\t\t\t\t\t\t\t\tdata-frame_0=\"y:bottom;o:1;\"\n\t\t\t\t\t\t\t\tdata-frame_1=\"e:power4.out;st:100;sp:1500;sR:100;\"\n\t\t\t\t\t\t\t\tdata-frame_999=\"y:-50px;o:0;e:power2.inOut;st:w;sp:500;sR:2400;\"\n\t\t\t\t\t\t\t\tstyle=\"z-index:6;background-color:rgba(17,17,17,0.9);font-family:'Cinzel';\"\n\t\t\t\t\t\t\t>individuelle \n\t\t\t\t\t\t\t<\/rs-layer><!--\n\n\t\t\t\t\t\t\t--><rs-layer\n\t\t\t\t\t\t\t\tid=\"slider-6-slide-27-layer-3\" \n\t\t\t\t\t\t\t\tclass=\"FullScreenMenu-Category\"\n\t\t\t\t\t\t\t\tdata-type=\"text\"\n\t\t\t\t\t\t\t\tdata-color=\"rgba(17, 17, 17, 1)\"\n\t\t\t\t\t\t\t\tdata-rsp_ch=\"on\"\n\t\t\t\t\t\t\t\tdata-xy=\"x:97px;y:b;yo:356px;\"\n\t\t\t\t\t\t\t\tdata-text=\"s:20;l:20;ls:3px;\"\n\t\t\t\t\t\t\t\tdata-basealign=\"slide\"\n\t\t\t\t\t\t\t\tdata-padding=\"t:18;r:30;b:16;l:30;\"\n\t\t\t\t\t\t\t\tdata-frame_0=\"y:bottom;o:1;\"\n\t\t\t\t\t\t\t\tdata-frame_1=\"e:power4.out;sp:1500;\"\n\t\t\t\t\t\t\t\tdata-frame_999=\"y:-50px;o:0;e:power2.inOut;st:w;sp:500;sR:2500;\"\n\t\t\t\t\t\t\t\tstyle=\"z-index:5;background-color:rgba(255,255,255,0.9);font-family:'Cinzel';\"\n\t\t\t\t\t\t\t>chambre \n\t\t\t\t\t\t\t<\/rs-layer><!--\n\n\t\t\t\t\t\t\t--><rs-layer\n\t\t\t\t\t\t\t\tid=\"slider-6-slide-27-layer-4\" \n\t\t\t\t\t\t\t\tclass=\"FullScreenMenu-Category\"\n\t\t\t\t\t\t\t\tdata-type=\"text\"\n\t\t\t\t\t\t\t\tdata-color=\"rgba(255, 255, 255, 1)\"\n\t\t\t\t\t\t\t\tdata-rsp_ch=\"on\"\n\t\t\t\t\t\t\t\tdata-xy=\"x:96px;y:b;yo:192px;\"\n\t\t\t\t\t\t\t\tdata-text=\"s:20;l:20;ls:3px;\"\n\t\t\t\t\t\t\t\tdata-basealign=\"slide\"\n\t\t\t\t\t\t\t\tdata-padding=\"t:18;r:30;b:16;l:30;\"\n\t\t\t\t\t\t\t\tdata-frame_0=\"y:bottom;o:1;\"\n\t\t\t\t\t\t\t\tdata-frame_1=\"e:power4.out;st:200;sp:1500;sR:200;\"\n\t\t\t\t\t\t\t\tdata-frame_999=\"y:-50px;o:0;e:power2.inOut;st:w;sp:500;sR:2300;\"\n\t\t\t\t\t\t\t\tdata-frame_hover=\"c:#111;bgc:rgba(255,255,255,0.9);oX:50;oY:50;sp:100;e:power1.inOut;\"\n\t\t\t\t\t\t\t\tstyle=\"z-index:7;background-color:#71ce7e;font-family:'Cinzel';cursor:pointer;\"\n\t\t\t\t\t\t\t>INFO <i class=\"fa-chevron-right\" style=\"font-size:12px;margin-left:10px;\"><\/i> \n\t\t\t\t\t\t\t<\/rs-layer><!--\n-->\t\t\t\t\t<\/rs-slide>\n\t\t\t\t\t\t<rs-slide style=\"position: absolute;\" data-key=\"rs-28\" data-title=\"Camera doppia\" data-thumb=\"\/\/www.hoteldianaaosta.com\/wp-content\/uploads\/2018\/06\/camera-doppia-100x50.jpg\" data-link=\"\/fr\/camere\/doppia\/\" data-tag=\"l\" data-target=\"_self\" data-seoz=\"front\" data-in=\"y:(100%);\">\n\t\t\t\t\t\t\t<img decoding=\"async\" src=\"\/\/www.hoteldianaaosta.com\/wp-content\/plugins\/revslider\/sr6\/assets\/assets\/dummy.png\" alt=\"\" title=\"aosta-hotel-camera-tripla3\" width=\"1008\" height=\"676\" class=\"rev-slidebg tp-rs-img rs-lazyload\" data-lazyload=\"\/\/www.hoteldianaaosta.com\/wp-content\/uploads\/2018\/06\/camera-doppia.jpg\" data-parallax=\"8\" data-no-retina>\n<!--\n\t\t\t\t\t\t\t--><rs-layer\n\t\t\t\t\t\t\t\tid=\"slider-6-slide-28-layer-1\" \n\t\t\t\t\t\t\t\tclass=\"FullScreenMenu-Title\"\n\t\t\t\t\t\t\t\tdata-type=\"text\"\n\t\t\t\t\t\t\t\tdata-color=\"rgba(255, 255, 255, 1)\"\n\t\t\t\t\t\t\t\tdata-rsp_ch=\"on\"\n\t\t\t\t\t\t\t\tdata-xy=\"x:96px;y:b;yo:246px;\"\n\t\t\t\t\t\t\t\tdata-text=\"s:35;l:70;\"\n\t\t\t\t\t\t\t\tdata-dim=\"w:285px;h:108px;\"\n\t\t\t\t\t\t\t\tdata-basealign=\"slide\"\n\t\t\t\t\t\t\t\tdata-padding=\"t:21;r:30;b:16;l:30;\"\n\t\t\t\t\t\t\t\tdata-frame_0=\"y:bottom;o:1;\"\n\t\t\t\t\t\t\t\tdata-frame_1=\"e:power4.out;st:100;sp:1500;sR:100;\"\n\t\t\t\t\t\t\t\tdata-frame_999=\"y:-50px;o:0;e:power2.inOut;st:w;sp:500;sR:2400;\"\n\t\t\t\t\t\t\t\tstyle=\"z-index:6;background-color:rgba(17,17,17,0.9);font-family:'Cinzel';\"\n\t\t\t\t\t\t\t>Double \n\t\t\t\t\t\t\t<\/rs-layer><!--\n\n\t\t\t\t\t\t\t--><rs-layer\n\t\t\t\t\t\t\t\tid=\"slider-6-slide-28-layer-3\" \n\t\t\t\t\t\t\t\tclass=\"FullScreenMenu-Category\"\n\t\t\t\t\t\t\t\tdata-type=\"text\"\n\t\t\t\t\t\t\t\tdata-color=\"rgba(17, 17, 17, 1)\"\n\t\t\t\t\t\t\t\tdata-rsp_ch=\"on\"\n\t\t\t\t\t\t\t\tdata-xy=\"x:97px;y:b;yo:356px;\"\n\t\t\t\t\t\t\t\tdata-text=\"s:20;l:20;ls:3px;\"\n\t\t\t\t\t\t\t\tdata-basealign=\"slide\"\n\t\t\t\t\t\t\t\tdata-padding=\"t:18;r:30;b:16;l:30;\"\n\t\t\t\t\t\t\t\tdata-frame_0=\"y:bottom;o:1;\"\n\t\t\t\t\t\t\t\tdata-frame_1=\"e:power4.out;sp:1500;\"\n\t\t\t\t\t\t\t\tdata-frame_999=\"y:-50px;o:0;e:power2.inOut;st:w;sp:500;sR:2500;\"\n\t\t\t\t\t\t\t\tstyle=\"z-index:5;background-color:rgba(255,255,255,0.9);font-family:'Cinzel';\"\n\t\t\t\t\t\t\t>Chambre \n\t\t\t\t\t\t\t<\/rs-layer><!--\n\n\t\t\t\t\t\t\t--><rs-layer\n\t\t\t\t\t\t\t\tid=\"slider-6-slide-28-layer-4\" \n\t\t\t\t\t\t\t\tclass=\"FullScreenMenu-Category\"\n\t\t\t\t\t\t\t\tdata-type=\"text\"\n\t\t\t\t\t\t\t\tdata-color=\"rgba(255, 255, 255, 1)\"\n\t\t\t\t\t\t\t\tdata-rsp_ch=\"on\"\n\t\t\t\t\t\t\t\tdata-xy=\"x:96px;y:b;yo:192px;\"\n\t\t\t\t\t\t\t\tdata-text=\"s:20;l:20;ls:3px;\"\n\t\t\t\t\t\t\t\tdata-basealign=\"slide\"\n\t\t\t\t\t\t\t\tdata-padding=\"t:18;r:30;b:16;l:30;\"\n\t\t\t\t\t\t\t\tdata-frame_0=\"y:bottom;o:1;\"\n\t\t\t\t\t\t\t\tdata-frame_1=\"e:power4.out;st:200;sp:1500;sR:200;\"\n\t\t\t\t\t\t\t\tdata-frame_999=\"y:-50px;o:0;e:power2.inOut;st:w;sp:500;sR:2300;\"\n\t\t\t\t\t\t\t\tdata-frame_hover=\"c:#111;bgc:rgba(255,255,255,0.9);oX:50;oY:50;sp:100;e:power1.inOut;\"\n\t\t\t\t\t\t\t\tstyle=\"z-index:7;background-color:#71ce7e;font-family:'Cinzel';cursor:pointer;\"\n\t\t\t\t\t\t\t>INFO <i class=\"fa-chevron-right\" style=\"font-size:12px;margin-left:10px;\"><\/i> \n\t\t\t\t\t\t\t<\/rs-layer><!--\n-->\t\t\t\t\t<\/rs-slide>\n\t\t\t\t\t\t<rs-slide style=\"position: absolute;\" data-key=\"rs-29\" data-title=\"Camera tripla\" data-thumb=\"\/\/www.hoteldianaaosta.com\/wp-content\/uploads\/2018\/06\/aosta-hotel-diana-100x50.jpg\" data-link=\"\/fr\/camere\/tripla\/\" data-tag=\"l\" data-target=\"_self\" data-seoz=\"front\" data-in=\"y:(100%);\">\n\t\t\t\t\t\t\t<img decoding=\"async\" src=\"\/\/www.hoteldianaaosta.com\/wp-content\/plugins\/revslider\/sr6\/assets\/assets\/dummy.png\" alt=\"\" title=\"aosta-hotel-camera-tripla3\" width=\"1008\" height=\"676\" class=\"rev-slidebg tp-rs-img rs-lazyload\" data-lazyload=\"\/\/www.hoteldianaaosta.com\/wp-content\/uploads\/2018\/06\/aosta-hotel-diana.jpg\" data-parallax=\"8\" data-no-retina>\n<!--\n\t\t\t\t\t\t\t--><rs-layer\n\t\t\t\t\t\t\t\tid=\"slider-6-slide-29-layer-1\" \n\t\t\t\t\t\t\t\tclass=\"FullScreenMenu-Title\"\n\t\t\t\t\t\t\t\tdata-type=\"text\"\n\t\t\t\t\t\t\t\tdata-color=\"rgba(255, 255, 255, 1)\"\n\t\t\t\t\t\t\t\tdata-rsp_ch=\"on\"\n\t\t\t\t\t\t\t\tdata-xy=\"x:96px;y:b;yo:246px;\"\n\t\t\t\t\t\t\t\tdata-text=\"s:35;l:70;\"\n\t\t\t\t\t\t\t\tdata-dim=\"w:285px;h:108px;\"\n\t\t\t\t\t\t\t\tdata-basealign=\"slide\"\n\t\t\t\t\t\t\t\tdata-padding=\"t:21;r:30;b:16;l:30;\"\n\t\t\t\t\t\t\t\tdata-frame_0=\"y:bottom;o:1;\"\n\t\t\t\t\t\t\t\tdata-frame_1=\"e:power4.out;st:100;sp:1500;sR:100;\"\n\t\t\t\t\t\t\t\tdata-frame_999=\"y:-50px;o:0;e:power2.inOut;st:w;sp:500;sR:2400;\"\n\t\t\t\t\t\t\t\tstyle=\"z-index:6;background-color:rgba(17,17,17,0.9);font-family:'Cinzel';\"\n\t\t\t\t\t\t\t>Triple \n\t\t\t\t\t\t\t<\/rs-layer><!--\n\n\t\t\t\t\t\t\t--><rs-layer\n\t\t\t\t\t\t\t\tid=\"slider-6-slide-29-layer-3\" \n\t\t\t\t\t\t\t\tclass=\"FullScreenMenu-Category\"\n\t\t\t\t\t\t\t\tdata-type=\"text\"\n\t\t\t\t\t\t\t\tdata-color=\"rgba(17, 17, 17, 1)\"\n\t\t\t\t\t\t\t\tdata-rsp_ch=\"on\"\n\t\t\t\t\t\t\t\tdata-xy=\"x:97px;y:b;yo:356px;\"\n\t\t\t\t\t\t\t\tdata-text=\"s:20;l:20;ls:3px;\"\n\t\t\t\t\t\t\t\tdata-basealign=\"slide\"\n\t\t\t\t\t\t\t\tdata-padding=\"t:18;r:30;b:16;l:30;\"\n\t\t\t\t\t\t\t\tdata-frame_0=\"y:bottom;o:1;\"\n\t\t\t\t\t\t\t\tdata-frame_1=\"e:power4.out;sp:1500;\"\n\t\t\t\t\t\t\t\tdata-frame_999=\"y:-50px;o:0;e:power2.inOut;st:w;sp:500;sR:2500;\"\n\t\t\t\t\t\t\t\tstyle=\"z-index:5;background-color:rgba(255,255,255,0.9);font-family:'Cinzel';\"\n\t\t\t\t\t\t\t>Chambre \n\t\t\t\t\t\t\t<\/rs-layer><!--\n\n\t\t\t\t\t\t\t--><rs-layer\n\t\t\t\t\t\t\t\tid=\"slider-6-slide-29-layer-4\" \n\t\t\t\t\t\t\t\tclass=\"FullScreenMenu-Category\"\n\t\t\t\t\t\t\t\tdata-type=\"text\"\n\t\t\t\t\t\t\t\tdata-color=\"rgba(255, 255, 255, 1)\"\n\t\t\t\t\t\t\t\tdata-rsp_ch=\"on\"\n\t\t\t\t\t\t\t\tdata-xy=\"x:96px;y:b;yo:191px;\"\n\t\t\t\t\t\t\t\tdata-text=\"s:20;l:20;ls:3px;\"\n\t\t\t\t\t\t\t\tdata-basealign=\"slide\"\n\t\t\t\t\t\t\t\tdata-padding=\"t:18;r:30;b:16;l:30;\"\n\t\t\t\t\t\t\t\tdata-frame_0=\"y:bottom;o:1;\"\n\t\t\t\t\t\t\t\tdata-frame_1=\"e:power4.out;st:200;sp:1500;sR:200;\"\n\t\t\t\t\t\t\t\tdata-frame_999=\"y:-50px;o:0;e:power2.inOut;st:w;sp:500;sR:2300;\"\n\t\t\t\t\t\t\t\tdata-frame_hover=\"c:#111;bgc:rgba(255,255,255,0.9);oX:50;oY:50;sp:100;e:power1.inOut;\"\n\t\t\t\t\t\t\t\tstyle=\"z-index:7;background-color:#71ce7e;font-family:'Cinzel';cursor:pointer;\"\n\t\t\t\t\t\t\t>INFO <i class=\"fa-chevron-right\" style=\"font-size:12px;margin-left:10px;\"><\/i> \n\t\t\t\t\t\t\t<\/rs-layer><!--\n-->\t\t\t\t\t<\/rs-slide>\n\t\t\t\t\t<\/rs-slides>\n\t\t\t\t<\/rs-module>\n\t\t\t\t<script>\n\t\t\t\t\tsetREVStartSize({c: 'rev_slider_6_1',rl:[1240,1024,778,480],el:[840],gw:[720],gh:[840],type:'carousel',justify:'',layout:'fullwidth',mh:\"0\"});if (window.RS_MODULES!==undefined && window.RS_MODULES.modules!==undefined && window.RS_MODULES.modules[\"revslider61\"]!==undefined) {window.RS_MODULES.modules[\"revslider61\"].once = false;window.revapi6 = undefined;if (window.RS_MODULES.checkMinimal!==undefined) window.RS_MODULES.checkMinimal()}\n\t\t\t\t<\/script>\n\t\t\t<\/rs-module-wrap>\n\t\t\t<!-- END REVOLUTION SLIDER -->\n[\/vc_column][\/vc_row]\n<\/div>","protected":false},"excerpt":{"rendered":"<p>[vc_row css=&#8221;.vc_custom_1740048407265{padding-top: 77px !important;padding-bottom: 5% !important;}&#8221;][vc_column][vc_row_inner][vc_column_inner width=&#8221;1\/4&#8243;][\/vc_column_inner][vc_column_inner width=&#8221;1\/2&#8243;][vc_column_text] Nos chambres triples peuvent \u00eatre pr\u00e9par\u00e9es avec trois lits s\u00e9par\u00e9s ou avec un lit double et un troisi\u00e8me lit selon vos exigences. [\/vc_column_text][\/vc_column_inner][vc_column_inner width=&#8221;1\/4&#8243;][\/vc_column_inner][\/vc_row_inner][\/vc_column][\/vc_row][vc_row full_width=&#8221;stretch_row_content&#8221; css=&#8221;.vc_custom_1528365422047{background-color: #f2f3f4 !important;}&#8221;][vc_column width=&#8221;2\/3&#8243;][\/vc_column][vc_column width=&#8221;1\/3&#8243;][vc_empty_space height=&#8221;52px&#8221;][vc_column_text css=&#8221;&#8221;] S\u00e8che-cheveux Chauffage ind\u00e9pendant Climatisation automatique Smart TV Connexion internet Wi-Fi gratuite Mini-bar Lit suppl\u00e9mentaire sur [&hellip;]<\/p>\n","protected":false},"author":1,"featured_media":0,"parent":2473,"menu_order":0,"comment_status":"closed","ping_status":"closed","template":"","meta":{"footnotes":""},"class_list":["post-2485","page","type-page","status-publish","hentry"],"_links":{"self":[{"href":"https:\/\/www.hoteldianaaosta.com\/fr\/wp-json\/wp\/v2\/pages\/2485","targetHints":{"allow":["GET"]}}],"collection":[{"href":"https:\/\/www.hoteldianaaosta.com\/fr\/wp-json\/wp\/v2\/pages"}],"about":[{"href":"https:\/\/www.hoteldianaaosta.com\/fr\/wp-json\/wp\/v2\/types\/page"}],"author":[{"embeddable":true,"href":"https:\/\/www.hoteldianaaosta.com\/fr\/wp-json\/wp\/v2\/users\/1"}],"replies":[{"embeddable":true,"href":"https:\/\/www.hoteldianaaosta.com\/fr\/wp-json\/wp\/v2\/comments?post=2485"}],"version-history":[{"count":13,"href":"https:\/\/www.hoteldianaaosta.com\/fr\/wp-json\/wp\/v2\/pages\/2485\/revisions"}],"predecessor-version":[{"id":3671,"href":"https:\/\/www.hoteldianaaosta.com\/fr\/wp-json\/wp\/v2\/pages\/2485\/revisions\/3671"}],"up":[{"embeddable":true,"href":"https:\/\/www.hoteldianaaosta.com\/fr\/wp-json\/wp\/v2\/pages\/2473"}],"wp:attachment":[{"href":"https:\/\/www.hoteldianaaosta.com\/fr\/wp-json\/wp\/v2\/media?parent=2485"}],"curies":[{"name":"wp","href":"https:\/\/api.w.org\/{rel}","templated":true}]}}